{"id":4052,"date":"2017-02-09T15:13:55","date_gmt":"2017-02-09T14:13:55","guid":{"rendered":"https:\/\/koto.qodeinteractive.com\/?page_id=4052"},"modified":"2023-03-21T11:08:23","modified_gmt":"2023-03-21T10:08:23","slug":"a-propos","status":"publish","type":"page","link":"https:\/\/www.alain-andrade.com\/index.php\/a-propos\/","title":{"rendered":"00__a propos alain andrade"},"content":{"rendered":"<p>[vc_row disable_background_image=\u00a0\u00bb\u00a0\u00bb css=\u00a0\u00bb.vc_custom_1673528842087{padding-top: 4% !important;padding-right: 40px !important;padding-bottom: 4% !important;padding-left: 40px !important;}\u00a0\u00bb][vc_column offset=\u00a0\u00bbvc_col-lg-offset-0 vc_col-lg-5 vc_col-md-offset-0 vc_col-md-12 vc_col-sm-offset-0&Prime;][vc_raw_html]JTNDaW1nJTIwc3JjJTNEJTIyaHR0cCUzQSUyRiUyRmFsYWluLWFuZHJhZGUuY29tJTJGd3AtY29udGVudCUyRnVwbG9hZHMlMkYyMDIzJTJGMDElMkZhYm91dC1hbGFpbi1hbmRyYWRlLTEuanBnJTIyJTIwYWx0JTNEJTIydnVlJTIwZCUyN2V4cG9zaXRpb24lMjIlMkYlM0U=[\/vc_raw_html][\/vc_column][vc_column offset=\u00a0\u00bbvc_col-lg-offset-0 vc_col-lg-7 vc_col-md-offset-0 vc_col-md-12 vc_col-sm-offset-0&Prime;][vc_empty_space height=\u00a0\u00bb11px\u00a0\u00bb]<div class=\"eltdf-section-title-holder eltdf-default-separator-image\" style=\"text-align: left\">\n\t\t\t<h2 class=\"eltdf-st-title\" style=\"color: #000000\">\n\t\t\t<span>A PROPOS<\/span>\n\t\t<\/h2>\n\t\t\t\t\t<h4 class=\"eltdf-st-text\" style=\"color: #000000;margin-top: 37px\">Alain Andrade est un photographe n\u00e9 en 1956 \u00e0 Paris. Il vit et travaille \u00e0 Marseille<\/h4>\n\t<\/div>[vc_empty_space height=\u00a0\u00bb20px\u00a0\u00bb][vc_column_text css_animation=\u00a0\u00bbfadeIn\u00a0\u00bb el_class=\u00a0\u00bbgoblack\u00a0\u00bb]Son travail a \u00e9t\u00e9 pr\u00e9sent\u00e9 dans nombreuses expositions collectives et personnelles en France et \u00e0 l&rsquo;International. Ses \u0153uvres sont pr\u00e9sentes dans des collections d&rsquo;\u0153uvre d&rsquo;art priv\u00e9es et publiques. Vous trouverez sur cette page la liste Publications dont il fait l&rsquo;objet ainsi que son parcours\u00a0 depuis 1989.<\/p>\n<p>\u00ab\u00a0Mon \u00e9criture est une histoire de temps, que je nomme Clepsydre, c&rsquo;est pourquoi ma s\u00e9rie\u00a0 se d\u00e9cline en seconde. \u00a0\u00bb<\/p>\n<p>Une partie des images ont \u00e9t\u00e9s tir\u00e9s par le Studio Album d&rsquo;Image et la\u00a0 majorit\u00e9 des tirages\u00a0 par le Studio Aza.[\/vc_column_text][\/vc_column][\/vc_row][vc_row content_text_aligment=\u00a0\u00bbleft\u00a0\u00bb disable_background_image=\u00a0\u00bb\u00a0\u00bb css=\u00a0\u00bb.vc_custom_1673527023311{padding-right: 5% !important;padding-bottom: 10% !important;padding-left: 5% !important;}\u00a0\u00bb][vc_column width=\u00a0\u00bb1\/4&Prime;][vc_column_text el_class=\u00a0\u00bbtoblack\u00a0\u00bb css=\u00a0\u00bb.vc_custom_1673525164705{padding-bottom: 20px !important;}\u00a0\u00bb]<\/p>\n<h4>Exposition personnelles<\/h4>\n<p>[\/vc_column_text][vc_column_text]<strong>2021<\/strong>\u00a0 Galerie Orb Arles[\/vc_column_text][vc_column_text]<strong>2019<\/strong>\u00a0 Galerie du tableau, Marseille[\/vc_column_text][vc_column_text]<strong>2018<\/strong>\u00a0 Soci\u00e9t\u00e9 Mobile, Marseille[\/vc_column_text][vc_column_text]<strong>2017\u00a0 <\/strong>Galerie du tableau, Marseille[\/vc_column_text][vc_column_text]<strong>2017\u00a0 <\/strong>Galerie Porte Avion, Marseille, Printemps de l&rsquo;Art Contemporain[\/vc_column_text][vc_column_text]<strong>2015\u00a0 \u00a0<\/strong>Galerie du tableau, Marseille[\/vc_column_text][vc_column_text]<strong>2013\u00a0 <\/strong>Galerie du tableau, Marseille[\/vc_column_text][vc_column_text]<strong>2008\u00a0 <\/strong>Galerie Fancony, N\u00eemes[\/vc_column_text][vc_column_text]<strong>2007\u00a0 <\/strong>Galerie Show Room de N\u00e9mausus, N\u00eemes[\/vc_column_text][vc_column_text]<strong>2005\u00a0<\/strong> Galerie Porte Avion, Marseille[\/vc_column_text][vc_column_text]<strong>2004<\/strong>\u00a0 Galerie du Victory Club, Aix en Provence[\/vc_column_text][vc_column_text]<strong>1999<\/strong>\u00a0 Galerie AU base, New-York[\/vc_column_text][vc_column_text]<strong>1998<\/strong>\u00a0 Galerie Porte Avion, Marseille[\/vc_column_text][vc_column_text]<strong>1997<\/strong>\u00a0 Galerie Antonin Susini, Aix en Provence[\/vc_column_text][vc_column_text]<strong>1997\u00a0<\/strong> Galerie Porte Avion, Marseille[\/vc_column_text][vc_column_text]<strong>1996<\/strong>\u00a0 Galerie de la Biblioth\u00e8que Nationale, Paris[\/vc_column_text][vc_column_text]<strong>1994<\/strong>\u00a0 Galerie Europa, Gen\u00e8ve[\/vc_column_text][vc_column_text]<strong>1994<\/strong>\u00a0 Ch\u00e2teau Fallet, l\u2019Estaque, Marseille[\/vc_column_text][vc_column_text]<strong>1992<\/strong>\u00a0 Galerie du tableau, Marseille[\/vc_column_text][vc_column_text]<strong>1991<\/strong>\u00a0 Galerie La Chambre Verte, Marseille[\/vc_column_text][vc_column_text]<strong>1988<\/strong>\u00a0 Galerie 21 Marches plus haut, Aix en Provence[\/vc_column_text][vc_column_text]<strong>1987<\/strong>\u00a0 Galerie Parall\u00e8le, Marseille[\/vc_column_text][vc_column_text]<strong>1985<\/strong>\u00a0 Galerie Les Trois Ormeaux, Festival de la photo, Aix en Provence[\/vc_column_text][vc_column_text]<strong>1984<\/strong>\u00a0 Galerie Fontaine Obscure, Aix en Provence[\/vc_column_text][\/vc_column][vc_column width=\u00a0\u00bb1\/4&Prime;][vc_column_text el_class=\u00a0\u00bbtoblack\u00a0\u00bb css=\u00a0\u00bb.vc_custom_1673525318191{padding-bottom: 20px !important;}\u00a0\u00bb]<\/p>\n<h4>Exposition collectives<\/h4>\n<p>[\/vc_column_text][vc_column_text]<strong>2020<\/strong>\u00a0 Soci\u00e9t\u00e9 Mobile, Marseille[\/vc_column_text][vc_column_text]<strong>2019<\/strong>\u00a0 Jo\u00ebl Yvon Printemps de l\u2019Art Contemporain[\/vc_column_text][vc_column_text]<strong>2016<\/strong>\u00a0 Galerie du tableau, Marseille[\/vc_column_text][vc_column_text]<strong>2016<\/strong>\u00a0 Soci\u00e9t\u00e9 Mobile, Marseille[\/vc_column_text][vc_column_text]<strong>2015<\/strong>\u00a0 FRAC La Vieille Charit\u00e9[\/vc_column_text][vc_column_text]<strong>2013<\/strong>\u00a0 Galerie Mati\u00e8re Stand Art, Marseille[\/vc_column_text][vc_column_text]<strong>2009<\/strong>\u00a0 Slick, stand Galerie Porte Avion, Paris[\/vc_column_text][vc_column_text]<strong>2009\u00a0 <\/strong>Groupe Show, Galerie Porte Avion, Marseille[\/vc_column_text][vc_column_text]<strong>2007<\/strong>\u00a0 \u00ab\u00a0Marseille, Artistes, Associ\u00e9s\u00a0\u00bb, stand Galerie Porte Avion, MAC Marseille[\/vc_column_text][vc_column_text]<strong>2007\u00a0 <\/strong>Galerie Les 4 saisons de l\u2019Art, Aubais[\/vc_column_text][vc_column_text]<strong>2007\u00a0 <\/strong>Galerie Fancony, N\u00eemes[\/vc_column_text][vc_column_text]<strong>1999<\/strong>\u00a0 Gallery, Luxembourg[\/vc_column_text][vc_column_text]<strong>1999\u00a0 <\/strong>La Revista, Galerie Municipale Sextius, Aix en Provence[\/vc_column_text][vc_column_text]<strong>1998<\/strong>\u00a0 L\u2019Art D\u00e9g\u00e9n\u00e9r\u00e9, Aix en Provence[\/vc_column_text][vc_column_text]<strong>1997<\/strong>\u00a0 Galerie du tableau, New York[\/vc_column_text][vc_column_text]<strong>1997<\/strong>\u00a0 Espace Van Gogh, Arles[\/vc_column_text][vc_column_text]<strong>1996<\/strong>\u00a0 Revue s&rsquo;expose, Paris[\/vc_column_text][vc_column_text]<strong>1996<\/strong>\u00a0 Galerie Porte Avion, Marseille[\/vc_column_text][vc_column_text]<strong>1995<\/strong>\u00a0 Galerie Susini, Aix-en-Provence[\/vc_column_text][vc_column_text]<strong>1994<\/strong>\u00a0 Espace Gallery, FRAC, Anvers[\/vc_column_text][vc_column_text]<strong>1994<\/strong>\u00a0 Biblioth\u00e8que Nationale, Paris[\/vc_column_text][vc_column_text]<strong>1993<\/strong>\u00a0 Galerie Porte Avion, Marseille[\/vc_column_text][vc_column_text]<strong>1992<\/strong>\u00a0 Mus\u00e9e d\u2019Art Moderne, Kawasaki, Japon[\/vc_column_text][vc_column_text]<strong>1991<\/strong>\u00a0 Mus\u00e9e d\u2019Art Contemporain, Nouvelle Orl\u00e9ans, Louisiane[\/vc_column_text][vc_column_text]<strong>1991\u00a0 <\/strong>Mus\u00e9e d\u2019Art Moderne, Mexico[\/vc_column_text][vc_column_text]<strong>1991\u00a0 <\/strong>Mus\u00e9e d\u2019Art Moderne, Mexico[\/vc_column_text][vc_column_text]<strong>1991 <\/strong>International Center of Photography, New York[\/vc_column_text][vc_column_text]<strong>1990<\/strong>\u00a0 Fondation Gulbenkian, Lisbonne, Portugal[\/vc_column_text][vc_column_text]<strong>1989<\/strong>\u00a0 100 autoportraits, 10 figures, Marseille, Paris, Lyon[\/vc_column_text][\/vc_column][vc_column width=\u00a0\u00bb1\/4&Prime;][vc_column_text el_class=\u00a0\u00bbtoblack\u00a0\u00bb css=\u00a0\u00bb.vc_custom_1673528206241{padding-bottom: 20px !important;}\u00a0\u00bb]<\/p>\n<h4>Publications<\/h4>\n<p>[\/vc_column_text][vc_column_text]<strong>2017\u00a0<\/strong> Catalogue de Printemps de l&rsquo;Art Contemporain, Galerie Porte Avion[\/vc_column_text][vc_column_text]<strong>2005\u00a0<\/strong> Art Sud[\/vc_column_text][vc_column_text]<strong>1999<\/strong>\u00a0 Livre d\u2019Artiste, Editions La Poterie \/ Fondation Royaumont[\/vc_column_text][vc_column_text]<strong>1998<\/strong>\u00a0 La Revista 2, revue de Cr\u00e9ation Contemporaine, Marseille[\/vc_column_text][vc_column_text]<strong>1998\u00a0 <\/strong>Catalogue l\u2019Art d\u00e9g\u00e9n\u00e9r\u00e9, Aix en Provence[\/vc_column_text][vc_column_text]<strong>1997<\/strong>\u00a0 Revue Nioques 1.4, Marseille[\/vc_column_text][vc_column_text]<strong>1996\u00a0<\/strong> Revue Terre des signes N3[\/vc_column_text][vc_column_text]<strong>1997\u00a0<\/strong> Catalogue Rencontres Photographiques, Arles[\/vc_column_text][vc_column_text]<strong>1996<\/strong>\u00a0 Revue Terre des Signes n\u00b0 3[\/vc_column_text][vc_column_text]<strong>1995<\/strong>\u00a0 Catalogue de la Biblioth\u00e8que Nationale, Paris[\/vc_column_text][vc_column_text]<strong>1994<\/strong>\u00a0 La Revista 1, Marseille[\/vc_column_text][vc_column_text]<strong>1994\u00a0 <\/strong>Al Dante n\u00b0 2, Marseille[\/vc_column_text][vc_column_text]<strong>1994\u00a0 <\/strong>Catalogue de la Biblioth\u00e8que Nationale, Paris[\/vc_column_text][vc_column_text]<strong>1994\u00a0 <\/strong>Photographie en France, Mus\u00e9e d\u2019Art Moderne, Kawasaki[\/vc_column_text][vc_column_text]<strong>1994\u00a0 <\/strong>Airport n\u00b0 5, Marseille[\/vc_column_text][vc_column_text]<strong>1993<\/strong>\u00a0 Cahier du Renard n\u00b0 11[\/vc_column_text][vc_column_text]<strong>1992<\/strong>\u00a0 Cahier du Renard n\u00b0 12[\/vc_column_text][vc_column_text]<strong>1990<\/strong>\u00a0 Photographie Actuelle en France, Fondation Gulbenkian, Lisbonne[\/vc_column_text][vc_column_text]<strong>1989<\/strong>\u00a0 Revue Mon Amour, Marseille[\/vc_column_text][\/vc_column][vc_column width=\u00a0\u00bb1\/4&Prime;][vc_column_text el_class=\u00a0\u00bbtoblack\u00a0\u00bb css=\u00a0\u00bb.vc_custom_1673528710482{padding-bottom: 20px !important;}\u00a0\u00bb]<\/p>\n<h4>Collections publiques<\/h4>\n<p>[\/vc_column_text][vc_column_text]<strong>1989\u00a0<\/strong> FRAC Paca \/ Pr\u00e9sentations r\u00e9guli\u00e8res des pi\u00e8ces hors les murs[\/vc_column_text][vc_column_text]<strong>1986<\/strong>\u00a0 Cabinet des Estampes, Biblioth\u00e8que Nationale[\/vc_column_text][\/vc_column][\/vc_row][vc_row disable_background_image=\u00a0\u00bb\u00a0\u00bb][vc_column]\n<div class=\"wpcf7 no-js\" id=\"wpcf7-f4448-o1\" lang=\"en-US\" dir=\"ltr\" data-wpcf7-id=\"4448\">\n<div class=\"screen-reader-response\"><p role=\"status\" aria-live=\"polite\" aria-atomic=\"true\"><\/p> <ul><\/ul><\/div>\n<form action=\"\/index.php\/wp-json\/wp\/v2\/pages\/4052#wpcf7-f4448-o1\" method=\"post\" class=\"wpcf7-form init cf7_custom_style_1\" aria-label=\"Contact form\" novalidate=\"novalidate\" data-status=\"init\">\n<fieldset class=\"hidden-fields-container\"><input type=\"hidden\" name=\"_wpcf7\" value=\"4448\" \/><input type=\"hidden\" name=\"_wpcf7_version\" value=\"6.1.4\" \/><input type=\"hidden\" name=\"_wpcf7_locale\" value=\"en_US\" \/><input type=\"hidden\" name=\"_wpcf7_unit_tag\" value=\"wpcf7-f4448-o1\" \/><input type=\"hidden\" name=\"_wpcf7_container_post\" value=\"0\" \/><input type=\"hidden\" name=\"_wpcf7_posted_data_hash\" value=\"\" \/>\n<\/fieldset>\n<div class=\"eltdf-cf7-big-columns clearfix\">\n\t<div class=\"eltdf-cf7-big-column eltdf-column-gray\">\n\t\t<p><span class=\"wpcf7-form-control-wrap\" data-name=\"your-email\"><input size=\"40\" maxlength=\"400\" class=\"wpcf7-form-control wpcf7-email wpcf7-validates-as-required wpcf7-text wpcf7-validates-as-email\" aria-required=\"true\" aria-invalid=\"false\" placeholder=\"VOTRE EMAIL\" value=\"\" type=\"email\" name=\"your-email\" \/><\/span>\n\t\t<\/p>\n\t<\/div>\n\t<div class=\"eltdf-cf7-big-column eltdf-column-alto\">\n\t\t<p><span class=\"wpcf7-form-control-wrap\" data-name=\"your-message\"><textarea cols=\"20\" rows=\"1\" maxlength=\"2000\" class=\"wpcf7-form-control wpcf7-textarea\" aria-invalid=\"false\" placeholder=\"VOTRE MESSAGE\" name=\"your-message\"><\/textarea><\/span>\n\t\t<\/p>\n\t<\/div>\n\t<div class=\"eltdf-cf7-big-column eltdf-column-white\">\n\t\t<p><span class=\"wpcf7-form-control-wrap\" data-name=\"your-name\"><input size=\"40\" maxlength=\"400\" class=\"wpcf7-form-control wpcf7-text wpcf7-validates-as-required\" aria-required=\"true\" aria-invalid=\"false\" placeholder=\"VOTRE NOM\" value=\"\" type=\"text\" name=\"your-name\" \/><\/span>\n\t\t<\/p>\n\t<\/div>\n\t<div class=\"eltdf-cf7-big-column eltdf-column-dark-gray\">\n\t\t<p><input class=\"wpcf7-form-control wpcf7-submit has-spinner\" type=\"submit\" value=\"ENVOYER\" \/>\n\t\t<\/p>\n\t<\/div>\n<\/div><p style=\"display: none !important;\" class=\"akismet-fields-container\" data-prefix=\"_wpcf7_ak_\"><label>&#916;<textarea name=\"_wpcf7_ak_hp_textarea\" cols=\"45\" rows=\"8\" maxlength=\"100\"><\/textarea><\/label><input type=\"hidden\" id=\"ak_js_1\" name=\"_wpcf7_ak_js\" value=\"5\"\/><script>document.getElementById( \"ak_js_1\" ).setAttribute( \"value\", ( new Date() ).getTime() );<\/script><\/p><div class=\"wpcf7-response-output\" aria-hidden=\"true\"><\/div>\n<\/form>\n<\/div>\n[\/vc_column][\/vc_row]<\/p>\n","protected":false},"excerpt":{"rendered":"<p>[vc_row disable_background_image=\u00a0\u00bb\u00a0\u00bb css=\u00a0\u00bb.vc_custom_1673528842087{padding-top: 4% !important;padding-right: [&hellip;]<\/p>\n","protected":false},"author":3,"featured_media":0,"parent":0,"menu_order":0,"comment_status":"closed","ping_status":"closed","template":"full-width.php","meta":{"footnotes":""},"class_list":["post-4052","page","type-page","status-publish","hentry"],"yoast_head":"<!-- This site is optimized with the Yoast SEO plugin v22.6 - https:\/\/yoast.com\/wordpress\/plugins\/seo\/ -->\n<title>A propos - Alain Andrade Photographe<\/title>\n<meta name=\"description\" content=\"Alain Andrade est un photographe n\u00e9 en 1956 \u00e0 Paris. Il vit et travaille \u00e0 Marseille. Son travail a \u00e9t\u00e9 pr\u00e9sent\u00e9 dans nombreuses expositions collectives et personnelles en France et \u00e0 l\u2019International.\" \/>\n<meta name=\"robots\" content=\"index, follow, max-snippet:-1, max-image-preview:large, max-video-preview:-1\" \/>\n<link rel=\"canonical\" href=\"https:\/\/www.alain-andrade.com\/index.php\/a-propos\/\" \/>\n<meta property=\"og:locale\" content=\"fr_FR\" \/>\n<meta property=\"og:type\" content=\"article\" \/>\n<meta property=\"og:title\" content=\"A propos - Alain Andrade Photographe\" \/>\n<meta property=\"og:description\" content=\"Alain Andrade est un photographe n\u00e9 en 1956 \u00e0 Paris. Il vit et travaille \u00e0 Marseille. Son travail a \u00e9t\u00e9 pr\u00e9sent\u00e9 dans nombreuses expositions collectives et personnelles en France et \u00e0 l\u2019International.\" \/>\n<meta property=\"og:url\" content=\"https:\/\/www.alain-andrade.com\/index.php\/a-propos\/\" \/>\n<meta property=\"og:site_name\" content=\"Alain Andrade Photographe\" \/>\n<meta property=\"article:modified_time\" content=\"2023-03-21T10:08:23+00:00\" \/>\n<meta name=\"twitter:card\" content=\"summary_large_image\" \/>\n<meta name=\"twitter:label1\" content=\"Dur\u00e9e de lecture estim\u00e9e\" \/>\n\t<meta name=\"twitter:data1\" content=\"4 minutes\" \/>\n<script type=\"application\/ld+json\" class=\"yoast-schema-graph\">{\"@context\":\"https:\/\/schema.org\",\"@graph\":[{\"@type\":\"WebPage\",\"@id\":\"https:\/\/www.alain-andrade.com\/index.php\/a-propos\/\",\"url\":\"https:\/\/www.alain-andrade.com\/index.php\/a-propos\/\",\"name\":\"A propos - Alain Andrade Photographe\",\"isPartOf\":{\"@id\":\"https:\/\/www.alain-andrade.com\/#website\"},\"datePublished\":\"2017-02-09T14:13:55+00:00\",\"dateModified\":\"2023-03-21T10:08:23+00:00\",\"description\":\"Alain Andrade est un photographe n\u00e9 en 1956 \u00e0 Paris. Il vit et travaille \u00e0 Marseille. Son travail a \u00e9t\u00e9 pr\u00e9sent\u00e9 dans nombreuses expositions collectives et personnelles en France et \u00e0 l\u2019International.\",\"breadcrumb\":{\"@id\":\"https:\/\/www.alain-andrade.com\/index.php\/a-propos\/#breadcrumb\"},\"inLanguage\":\"fr-FR\",\"potentialAction\":[{\"@type\":\"ReadAction\",\"target\":[\"https:\/\/www.alain-andrade.com\/index.php\/a-propos\/\"]}]},{\"@type\":\"BreadcrumbList\",\"@id\":\"https:\/\/www.alain-andrade.com\/index.php\/a-propos\/#breadcrumb\",\"itemListElement\":[{\"@type\":\"ListItem\",\"position\":1,\"name\":\"Accueil\",\"item\":\"https:\/\/www.alain-andrade.com\/\"},{\"@type\":\"ListItem\",\"position\":2,\"name\":\"00__a propos alain andrade\"}]},{\"@type\":\"WebSite\",\"@id\":\"https:\/\/www.alain-andrade.com\/#website\",\"url\":\"https:\/\/www.alain-andrade.com\/\",\"name\":\"Alain Andrade Photographe\",\"description\":\"Alain Andrade photographe\",\"potentialAction\":[{\"@type\":\"SearchAction\",\"target\":{\"@type\":\"EntryPoint\",\"urlTemplate\":\"https:\/\/www.alain-andrade.com\/?s={search_term_string}\"},\"query-input\":\"required name=search_term_string\"}],\"inLanguage\":\"fr-FR\"}]}<\/script>\n<!-- \/ Yoast SEO plugin. -->","yoast_head_json":{"title":"A propos - Alain Andrade Photographe","description":"Alain Andrade est un photographe n\u00e9 en 1956 \u00e0 Paris. Il vit et travaille \u00e0 Marseille. Son travail a \u00e9t\u00e9 pr\u00e9sent\u00e9 dans nombreuses expositions collectives et personnelles en France et \u00e0 l\u2019International.","robots":{"index":"index","follow":"follow","max-snippet":"max-snippet:-1","max-image-preview":"max-image-preview:large","max-video-preview":"max-video-preview:-1"},"canonical":"https:\/\/www.alain-andrade.com\/index.php\/a-propos\/","og_locale":"fr_FR","og_type":"article","og_title":"A propos - Alain Andrade Photographe","og_description":"Alain Andrade est un photographe n\u00e9 en 1956 \u00e0 Paris. Il vit et travaille \u00e0 Marseille. Son travail a \u00e9t\u00e9 pr\u00e9sent\u00e9 dans nombreuses expositions collectives et personnelles en France et \u00e0 l\u2019International.","og_url":"https:\/\/www.alain-andrade.com\/index.php\/a-propos\/","og_site_name":"Alain Andrade Photographe","article_modified_time":"2023-03-21T10:08:23+00:00","twitter_card":"summary_large_image","twitter_misc":{"Dur\u00e9e de lecture estim\u00e9e":"4 minutes"},"schema":{"@context":"https:\/\/schema.org","@graph":[{"@type":"WebPage","@id":"https:\/\/www.alain-andrade.com\/index.php\/a-propos\/","url":"https:\/\/www.alain-andrade.com\/index.php\/a-propos\/","name":"A propos - Alain Andrade Photographe","isPartOf":{"@id":"https:\/\/www.alain-andrade.com\/#website"},"datePublished":"2017-02-09T14:13:55+00:00","dateModified":"2023-03-21T10:08:23+00:00","description":"Alain Andrade est un photographe n\u00e9 en 1956 \u00e0 Paris. Il vit et travaille \u00e0 Marseille. Son travail a \u00e9t\u00e9 pr\u00e9sent\u00e9 dans nombreuses expositions collectives et personnelles en France et \u00e0 l\u2019International.","breadcrumb":{"@id":"https:\/\/www.alain-andrade.com\/index.php\/a-propos\/#breadcrumb"},"inLanguage":"fr-FR","potentialAction":[{"@type":"ReadAction","target":["https:\/\/www.alain-andrade.com\/index.php\/a-propos\/"]}]},{"@type":"BreadcrumbList","@id":"https:\/\/www.alain-andrade.com\/index.php\/a-propos\/#breadcrumb","itemListElement":[{"@type":"ListItem","position":1,"name":"Accueil","item":"https:\/\/www.alain-andrade.com\/"},{"@type":"ListItem","position":2,"name":"00__a propos alain andrade"}]},{"@type":"WebSite","@id":"https:\/\/www.alain-andrade.com\/#website","url":"https:\/\/www.alain-andrade.com\/","name":"Alain Andrade Photographe","description":"Alain Andrade photographe","potentialAction":[{"@type":"SearchAction","target":{"@type":"EntryPoint","urlTemplate":"https:\/\/www.alain-andrade.com\/?s={search_term_string}"},"query-input":"required name=search_term_string"}],"inLanguage":"fr-FR"}]}},"_links":{"self":[{"href":"https:\/\/www.alain-andrade.com\/index.php\/wp-json\/wp\/v2\/pages\/4052","targetHints":{"allow":["GET"]}}],"collection":[{"href":"https:\/\/www.alain-andrade.com\/index.php\/wp-json\/wp\/v2\/pages"}],"about":[{"href":"https:\/\/www.alain-andrade.com\/index.php\/wp-json\/wp\/v2\/types\/page"}],"author":[{"embeddable":true,"href":"https:\/\/www.alain-andrade.com\/index.php\/wp-json\/wp\/v2\/users\/3"}],"replies":[{"embeddable":true,"href":"https:\/\/www.alain-andrade.com\/index.php\/wp-json\/wp\/v2\/comments?post=4052"}],"version-history":[{"count":78,"href":"https:\/\/www.alain-andrade.com\/index.php\/wp-json\/wp\/v2\/pages\/4052\/revisions"}],"predecessor-version":[{"id":6956,"href":"https:\/\/www.alain-andrade.com\/index.php\/wp-json\/wp\/v2\/pages\/4052\/revisions\/6956"}],"wp:attachment":[{"href":"https:\/\/www.alain-andrade.com\/index.php\/wp-json\/wp\/v2\/media?parent=4052"}],"curies":[{"name":"wp","href":"https:\/\/api.w.org\/{rel}","templated":true}]}}